{"id":7,"date":"2019-05-05T18:28:06","date_gmt":"2019-05-05T16:28:06","guid":{"rendered":"http:\/\/www.jedovnice.eu\/?page_id=7"},"modified":"2019-05-05T19:32:42","modified_gmt":"2019-05-05T17:32:42","slug":"obec-jedovnice","status":"publish","type":"page","link":"https:\/\/www.jedovnice.eu\/","title":{"rendered":"Obec Jedovnice"},"content":{"rendered":"\n<h3>Moravsk\u00fd kras<\/h3>\n\n\n\n<p>pat\u0159\u00ed mezi nejv\u00fdznamn\u011bj\u0161\u00ed krasov\u00e9 oblasti ve  st\u0159edn\u00ed Evrop\u011b. Na cel\u00e9m \u00fazem\u00ed je zn\u00e1mo v\u00edce ne\u017e 1100 jeskyn\u00ed, z nich\u017e  p\u011bt je p\u0159\u00edstupn\u00fdch ve\u0159ejnosti &#8211; Punkevn\u00ed jeskyn\u011b s mo\u017enost\u00ed plavby na  podzemn\u00ed \u0159\u00ed\u010dce Punkv\u011b spojen\u00e9 s prohl\u00eddkou dna propasti Macocha,  Kate\u0159insk\u00e1 jeskyn\u011b, kter\u00e1 je zn\u00e1m\u00e1 unik\u00e1tn\u00edmi h\u016flkov\u00fdmi stalagmity,  jeskyn\u011b Balcarka s bohatou a barevnou kr\u00e1pn\u00edkovou v\u00fdzdobou a  Sloupsko-\u0161o\u0161\u016fvsk\u00e9 jeskyn\u011b tvo\u0159en\u00e9 mohutn\u00fdmi chodbami a podzemn\u00edmi  propastmi.<\/p>\n\n\n\n<figure class=\"wp-block-image\"><img loading=\"lazy\" width=\"1024\" height=\"684\" src=\"http:\/\/www.jedovnice.eu\/wp-content\/uploads\/2019\/05\/levn\u00e1-dovolen\u00e1-jedovnice-s-d\u011btmi68-1024x684.jpg\" alt=\"\" class=\"wp-image-56\" srcset=\"https:\/\/www.jedovnice.eu\/wp-content\/uploads\/2019\/05\/levn\u00e1-dovolen\u00e1-jedovnice-s-d\u011btmi68-1024x684.jpg 1024w, https:\/\/www.jedovnice.eu\/wp-content\/uploads\/2019\/05\/levn\u00e1-dovolen\u00e1-jedovnice-s-d\u011btmi68-300x200.jpg 300w, https:\/\/www.jedovnice.eu\/wp-content\/uploads\/2019\/05\/levn\u00e1-dovolen\u00e1-jedovnice-s-d\u011btmi68-768x513.jpg 768w, https:\/\/www.jedovnice.eu\/wp-content\/uploads\/2019\/05\/levn\u00e1-dovolen\u00e1-jedovnice-s-d\u011btmi68.jpg 1200w\" sizes=\"(max-width: 1024px) 100vw, 1024px\" \/><\/figure>\n\n\n\n<p>\u00dazem\u00ed zvan\u00e9 Moravsk\u00fd kras za\u010d\u00edn\u00e1 na severn\u00edm okraji Brna a t\u00e1hne se \nna sever a\u017e k obci Sloup. Jeho d\u00e9lka je 24 kilometr\u016f, a \u0161irok\u00fd je jen \n2-6 kilometr\u016f. Od roku 1956 je vyhl\u00e1\u0161en chr\u00e1n\u011bnou krajinou oblast\u00ed na \nplo\u0161e 93 km2. Je to n\u00e1dhern\u00e9 \u00fazem\u00ed tvo\u0159en\u00e9 devonsk\u00fdm v\u00e1pencem star\u00fdm u\u017e \np\u0159es 350 milion\u016f let, kter\u00fd vznikl v d\u00e1vn\u00e9 dob\u011b prvohor na dn\u011b mo\u0159\u00ed ze \nschr\u00e1nek \u017eivo\u010dich\u016f. Aktu\u00e1ln\u00ed stav je d\u00e1n a\u017e z doby, kdy se utv\u00e1\u0159ela \n\u0159\u00ed\u010dn\u00ed s\u00ed\u0165 a do\u0161lo k erozn\u00edm \u010dinnostem. Do puklin se dost\u00e1vala voda a \nvlivem rozpou\u0161t\u011bn\u00ed v\u00e1pence zde do\u0161lo k postupn\u00e9mu zv\u011bt\u0161ov\u00e1n\u00ed d\u011br a\u017e do \nnyn\u011bj\u0161\u00ed podoby. Voda, kter\u00e1 sem p\u0159it\u00e9kala ze \u0161irok\u00e9ho okol\u00ed, vytvo\u0159ila \nnejprve hlubok\u00e1 ka\u0148onovit\u00e1 \u00fadol\u00ed, a pot\u00e9 velmi slo\u017eit\u00fd podzemn\u00ed \u0159\u00ed\u010dn\u00ed \nsyst\u00e9m. D\u00e1le v\u00e1pencov\u00e9 oblasti pokra\u010duj\u00ed v mal\u00fdch kousk\u00e1ch na sever kde \nse nach\u00e1z\u00ed Vrat\u00edkovsk\u00fd kras, N\u011bm\u010dick\u00fd kras a Mojet\u00ednsk\u00fd h\u0159bet. <\/p>\n\n\n\n<p>Jeskyn\u011b Moravsk\u00e9ho krasu se nach\u00e1zej\u00ed v  bezprost\u0159edn\u00ed bl\u00edzkosti Jedovnic, propast Macocha je vzd\u00e1lena necel\u00fdch 5  km. Na\u0161im host\u016fm doporu\u010dujeme dovolenou na chat\u011b s d\u011btmi u rybn\u00edka Ol\u0161ovce kde je v\u011bt\u0161\u00ed nab\u00eddka chat k pron\u00e1jmu, mno\u017estv\u00ed rekrea\u010dn\u00edch chat k pronajmut\u00ed pro bezvadnou dovolenou na chat\u011b.<\/p>\n\n\n\n<figure class=\"wp-block-image\"><img loading=\"lazy\" width=\"1024\" height=\"684\" src=\"http:\/\/www.jedovnice.eu\/wp-content\/uploads\/2019\/05\/levn\u00e1-dovolen\u00e1-jedovnice-s-d\u011btmi24-1024x684.jpg\" alt=\"\" class=\"wp-image-12\" srcset=\"https:\/\/www.jedovnice.eu\/wp-content\/uploads\/2019\/05\/levn\u00e1-dovolen\u00e1-jedovnice-s-d\u011btmi24-1024x684.jpg 1024w, https:\/\/www.jedovnice.eu\/wp-content\/uploads\/2019\/05\/levn\u00e1-dovolen\u00e1-jedovnice-s-d\u011btmi24-300x200.jpg 300w, https:\/\/www.jedovnice.eu\/wp-content\/uploads\/2019\/05\/levn\u00e1-dovolen\u00e1-jedovnice-s-d\u011btmi24-768x513.jpg 768w, https:\/\/www.jedovnice.eu\/wp-content\/uploads\/2019\/05\/levn\u00e1-dovolen\u00e1-jedovnice-s-d\u011btmi24.jpg 1200w\" sizes=\"(max-width: 1024px) 100vw, 1024px\" \/><\/figure>\n\n\n\n<p>N\u00e1v\u0161t\u011bvn\u00edci obce maj\u00ed \u0159adu mo\u017enost\u00ed solidn\u00edho ubytov\u00e1n\u00ed v rekrea\u010dn\u00edch chat\u00e1ch  hotel\u00edch, penzionech, autokempu, v soukrom\u00ed i v rekrea\u010dn\u00edch chat\u00e1ch  jako v chatov\u00e9 oblasti v\u010detn\u011b stravov\u00e1n\u00ed v p\u0159ijateln\u00fdch cenov\u00fdch  relac\u00edch, najdou zde i z\u00e1bavu, kulturn\u00ed programy, rozs\u00e1hlou s\u00ed\u0165 slu\u017eeb a  obchod\u016f, zdravotn\u00ed za\u0159\u00edzen\u00ed. Je zde velk\u00e1 mo\u017enost individu\u00e1ln\u00ed rekreace  a levn\u00e9 ubytov\u00e1n\u00ed na chat\u00e1ch v Moravsk\u00e9m Krasu  ide\u00e1ln\u011b dopl\u0148uje, a v\u00fdznamem snad je\u0161t\u011b p\u0159evy\u0161uje, v\u00fdjime\u010dn\u00e1  atraktivnost nejbli\u017e\u0161\u00edho okol\u00ed. V \u010cesk\u00e9 republice nenajdeme podobnou  oblast, kde v okruhu 24-31 km je soust\u0159ed\u011bno tolik turistick\u00fdch  zaj\u00edmavost\u00ed, a to nejvy\u0161\u0161\u00ed kategorie, a\u0165 vytvo\u0159en\u00fdch p\u0159\u00edrodou nebo  \u010dlov\u011bkem. Jedovnice jsou v oblasti rekreace a turistiky velk\u00fdm pojmem,  jeho\u017e v\u00fdznam a v\u0161eobecn\u00e1 zn\u00e1most p\u0159esahuje nejen hranice tohoto regionu,  ale i \u010cesk\u00e9 republiky. <\/p>\n\n\n\n<h3>Na\u0161im host\u016fm m\u016f\u017eeme v Jedovnic\u00edch nab\u00eddnout<\/h3>\n\n\n\n<p>hlavn\u011b \u0161irokou paletu nejr\u016fzn\u011bj\u0161\u00edch vodn\u00edch sport\u016f, rekrea\u010dn\u00ed ubytov\u00e1n\u00ed v chat\u00e1ch, a relaxaci na b\u0159ez\u00edch na\u0161eho nejv\u011bt\u0161\u00edho rybn\u00edka Ol\u0161ovce.<br> Pro milovn\u00edky klidn\u00e9ho odpo\u010dinku a nedot\u010den\u00e9 p\u0159\u00edrody  nab\u00edz\u00edme vych\u00e1zky do klidov\u00e9 oblasti rybn\u00edk\u016f Dubov\u00fd a Budkovan,  p\u0159\u00edrodn\u00edho parku Rakoveck\u00e9 \u00fadol\u00ed a n\u00e1dhern\u00fdch les\u016f, kter\u00e9 navazuj\u00ed na  ji\u017en\u00ed \u010d\u00e1st rekrea\u010dn\u00ed oblasti. Cel\u00e1 tato oblast je dosud nedot\u010dena  civilizac\u00ed, co\u017e umo\u017e\u0148uje p\u0159e\u017eit\u00ed mnoha unik\u00e1tn\u00edch botanick\u00fdch druh\u016f a  hn\u00edzd\u011bn\u00ed nejr\u016fzn\u011bj\u0161\u00edho vodn\u00edho ptactva. Lesy navazuj\u00edc\u00ed na rekrea\u010dn\u00ed  oblast jsou proslul\u00e9 bohatstv\u00edm velk\u00e9 \u0161k\u00e1ly hub a na b\u0159ez\u00edch rybn\u00edka si v  pr\u00e1zdninov\u00fdch m\u011bs\u00edc\u00edch p\u0159ijdou na sv\u00e9 i milovn\u00edci sportovn\u00edho ryba\u0159en\u00ed.  Dovolen\u00e1 u rybn\u00edka spojen\u00e1 s rekrea\u010dn\u00edm ubytov\u00e1n\u00edm <a href=\"https:\/\/www.jedovnice.com\" target=\"_blank\" rel=\"noreferrer noopener\" aria-label=\" (otev\u0159e se na nov\u00e9 z\u00e1lo\u017ece)\">https:\/\/www.jedovnice.com<\/a> je vyhled\u00e1van\u00e1 levn\u00e1 dovolen\u00e1 pro tuzemsk\u00e9 i zahrani\u010dn\u00ed hosty. <\/p>\n","protected":false},"excerpt":{"rendered":"<p>Moravsk\u00fd kras pat\u0159\u00ed mezi nejv\u00fdznamn\u011bj\u0161\u00ed krasov\u00e9 oblasti ve st\u0159edn\u00ed Evrop\u011b. Na cel\u00e9m \u00fazem\u00ed je [&hellip;]<\/p>\n","protected":false},"author":1,"featured_media":0,"parent":0,"menu_order":0,"comment_status":"closed","ping_status":"closed","template":"","meta":[],"aioseo_notices":[],"_links":{"self":[{"href":"https:\/\/www.jedovnice.eu\/index.php\/wp-json\/wp\/v2\/pages\/7"}],"collection":[{"href":"https:\/\/www.jedovnice.eu\/index.php\/wp-json\/wp\/v2\/pages"}],"about":[{"href":"https:\/\/www.jedovnice.eu\/index.php\/wp-json\/wp\/v2\/types\/page"}],"author":[{"embeddable":true,"href":"https:\/\/www.jedovnice.eu\/index.php\/wp-json\/wp\/v2\/users\/1"}],"replies":[{"embeddable":true,"href":"https:\/\/www.jedovnice.eu\/index.php\/wp-json\/wp\/v2\/comments?post=7"}],"version-history":[{"count":4,"href":"https:\/\/www.jedovnice.eu\/index.php\/wp-json\/wp\/v2\/pages\/7\/revisions"}],"predecessor-version":[{"id":80,"href":"https:\/\/www.jedovnice.eu\/index.php\/wp-json\/wp\/v2\/pages\/7\/revisions\/80"}],"wp:attachment":[{"href":"https:\/\/www.jedovnice.eu\/index.php\/wp-json\/wp\/v2\/media?parent=7"}],"curies":[{"name":"wp","href":"https:\/\/api.w.org\/{rel}","templated":true}]}}